{"id":20,"date":"2019-01-29T07:59:00","date_gmt":"2019-01-29T07:59:00","guid":{"rendered":"http:\/\/segas.ar\/?page_id=20"},"modified":"2020-08-12T11:17:27","modified_gmt":"2020-08-12T14:17:27","slug":"talleres","status":"publish","type":"page","link":"https:\/\/segas.ar\/?page_id=20","title":{"rendered":"Talleres"},"content":{"rendered":"<p><div class=\"fusion-fullwidth fullwidth-box fusion-builder-row-1 fusion-parallax-none nonhundred-percent-fullwidth non-hundred-percent-height-scrolling\"  style='background-color: rgba(255,255,255,0);background-image: url(\"http:\/\/segas.ar\/wp-content\/uploads\/2020\/07\/talleres.jpg\");background-position: right bottom;background-repeat: no-repeat;padding-top:190px;padding-right:0px;padding-bottom:0px;padding-left:0px;-webkit-background-size:cover;-moz-background-size:cover;-o-background-size:cover;background-size:cover;'><div class=\"fusion-builder-row fusion-row \"><div  class=\"fusion-layout-column fusion_builder_column fusion_builder_column_1_1 fusion-builder-column-0 fusion-one-full fusion-column-first fusion-column-last 1_1\"  style='margin-top:0px;margin-bottom:0px;'><div class=\"fusion-column-wrapper\" style=\"padding: 0px 0px 0px 0px;background-position:left top;background-repeat:no-repeat;-webkit-background-size:cover;-moz-background-size:cover;-o-background-size:cover;background-size:cover;\"   data-bg-url=\"\"><div class=\"fusion-sep-clear\"><\/div><div class=\"fusion-separator fusion-no-large-visibility fusion-full-width-sep sep-none\" style=\"margin-left: auto;margin-right: auto;margin-top:30px;\"><\/div><style type=\"text\/css\"><\/style><div class=\"fusion-title title fusion-title-1 fusion-sep-none fusion-title-text fusion-title-size-one\" style=\"margin-top:0px;margin-bottom:31px;\"><h1 class=\"title-heading-left\" style=\"margin:0;color:#ffffff;\">Talleres<\/h1><\/div><div class=\"fusion-clearfix\"><\/div><\/div><\/div><\/div><\/div><div class=\"fusion-fullwidth fullwidth-box fusion-builder-row-2 nonhundred-percent-fullwidth non-hundred-percent-height-scrolling\"  style='background-color: #e6f0f6;background-position: center center;background-repeat: no-repeat;padding-top:80px;padding-right:0px;padding-bottom:80px;padding-left:0px;'><div class=\"fusion-builder-row fusion-row \"><div  data-animationType=fadeInUp data-animationDuration=0.6 data-animationOffset=100% class=\"fusion-layout-column fusion_builder_column fusion_builder_column_1_1 fusion-builder-column-1 fusion-one-full fusion-column-first fusion-column-last fusion-column-no-min-height fusion-animated 1_1\"  style='margin-top:0px;margin-bottom:0px;'><div class=\"fusion-column-wrapper\" style=\"padding: 0px 0px 0px 0px;background-position:left top;background-repeat:no-repeat;-webkit-background-size:cover;-moz-background-size:cover;-o-background-size:cover;background-size:cover;\"   data-bg-url=\"\"><style type=\"text\/css\"><\/style><div class=\"fusion-title title fusion-title-2 fusion-sep-none fusion-title-text fusion-title-size-two\" style=\"font-size:26px;margin-top:0px;margin-bottom:31px;\"><h2 class=\"title-heading-left\" style=\"margin:0;font-size:1em;\">Red de talleres<\/h2><\/div><div class=\"fusion-clearfix\"><\/div><\/div><\/div><div  data-animationType=fadeInLeft data-animationDuration=0.6 data-animationOffset=100% class=\"fusion-layout-column fusion_builder_column fusion_builder_column_1_1 fusion-builder-column-2 fusion-one-full fusion-column-first fusion-column-last fusion-column-no-min-height fusion-animated 1_1\"  style='margin-top:0px;margin-bottom:40px;'><div class=\"fusion-column-wrapper\" style=\"padding: 0px 0px 0px 0px;background-position:left top;background-repeat:no-repeat;-webkit-background-size:cover;-moz-background-size:cover;-o-background-size:cover;background-size:cover;\"   data-bg-url=\"\"><div class=\"fusion-text\"><p style=\"font-size: 21px;\">Aqu\u00ed podr\u00e1s encontrar el taller mas cercano a tu casa o trabajo y realizar tu oblea seg\u00fan tu conveniencia<\/p>\n<\/div><div class=\"fusion-clearfix\"><\/div><\/div><\/div><div  data-animationType=fadeInUp data-animationDuration=0.6 data-animationOffset=100% class=\"fusion-layout-column fusion_builder_column fusion_builder_column_1_2 fusion-builder-column-3 fusion-one-half fusion-column-first fusion-animated 1_2\"  style='margin-top:0px;margin-bottom:50px;width:50%;width:calc(50% - ( ( 4% ) * 0.5 ) );margin-right: 4%;'><div class=\"fusion-column-wrapper\" style=\"padding: 0px 0px 0px 0px;background-position:left top;background-repeat:no-repeat;-webkit-background-size:cover;-moz-background-size:cover;-o-background-size:cover;background-size:cover;\"   data-bg-url=\"\"><div class=\"imageframe-align-center\"><span style=\"width:100%;max-width:1000;\" class=\"fusion-imageframe imageframe-none imageframe-1 hover-type-none\"><img loading=\"lazy\" decoding=\"async\" src=\"http:\/\/segas.ar\/wp-content\/uploads\/2020\/06\/1200px-Gran_San_Juan.svg.png\" width=\"1200\" height=\"803\" alt=\"\" title=\"1200px-Gran_San_Juan.svg\" class=\"img-responsive wp-image-1162\" srcset=\"https:\/\/segas.ar\/wp-content\/uploads\/2020\/06\/1200px-Gran_San_Juan.svg-200x134.png 200w, https:\/\/segas.ar\/wp-content\/uploads\/2020\/06\/1200px-Gran_San_Juan.svg-400x268.png 400w, https:\/\/segas.ar\/wp-content\/uploads\/2020\/06\/1200px-Gran_San_Juan.svg-600x402.png 600w, https:\/\/segas.ar\/wp-content\/uploads\/2020\/06\/1200px-Gran_San_Juan.svg-800x535.png 800w, https:\/\/segas.ar\/wp-content\/uploads\/2020\/06\/1200px-Gran_San_Juan.svg.png 1200w\" sizes=\"(max-width: 1051px) 100vw, 600px\" \/><\/span><\/div><div class=\"fusion-sep-clear\"><\/div><div class=\"fusion-separator fusion-no-small-visibility fusion-no-medium-visibility fusion-full-width-sep sep-none\" style=\"margin-left: auto;margin-right: auto;margin-top:40px;\"><\/div><div class=\"fusion-clearfix\"><\/div><\/div><\/div><div  data-animationType=fadeInLeft data-animationDuration=0.6 data-animationOffset=100% class=\"fusion-layout-column fusion_builder_column fusion_builder_column_1_2 fusion-builder-column-4 fusion-one-half fusion-column-last fusion-animated 1_2\"  style='margin-top:0px;margin-bottom:40px;width:50%;width:calc(50% - ( ( 4% ) * 0.5 ) );'><div class=\"fusion-column-wrapper\" style=\"padding: 0px 0px 0px 0px;background-position:left top;background-repeat:no-repeat;-webkit-background-size:cover;-moz-background-size:cover;-o-background-size:cover;background-size:cover;\"   data-bg-url=\"\"><style type=\"text\/css\"><\/style><div class=\"fusion-title title fusion-title-3 fusion-sep-none fusion-title-text fusion-title-size-two\" style=\"font-size:30px;margin-top:0px;margin-bottom:15px;\"><h2 class=\"title-heading-left\" style=\"margin:0;font-size:1em;\">Selecciona tu departamento<\/h2><\/div><ul class=\"fusion-checklist fusion-checklist-1\" style=\"font-size:21px;line-height:35.7px;\"><li class=\"fusion-li-item\"><span style=\"height:35.7px;width:35.7px;margin-right:14.7px;\" class=\"icon-wrapper circle-no\"><i class=\"fusion-li-icon fa-arrow-alt-circle-right far\" style=\"color:#81be84;\"><\/i><\/span><div class=\"fusion-li-item-content\" style=\"margin-left:50.4px;\"><a class=\"fusion-modal-text-link\" data-toggle=\"modal\" data-target=\".fusion-modal.Capital\" href=\"#\">Capital<\/a><\/div><\/li><li class=\"fusion-li-item\"><span style=\"height:35.7px;width:35.7px;margin-right:14.7px;\" class=\"icon-wrapper circle-no\"><i class=\"fusion-li-icon fa-arrow-alt-circle-right far\" style=\"color:#81be84;\"><\/i><\/span><div class=\"fusion-li-item-content\" style=\"margin-left:50.4px;\"><a class=\"fusion-modal-text-link\" data-toggle=\"modal\" data-target=\".fusion-modal.Rawson\" href=\"#\">Rawson<\/a><\/div><\/li><li class=\"fusion-li-item\"><span style=\"height:35.7px;width:35.7px;margin-right:14.7px;\" class=\"icon-wrapper circle-no\"><i class=\"fusion-li-icon fa-arrow-alt-circle-right far\" style=\"color:#81be84;\"><\/i><\/span><div class=\"fusion-li-item-content\" style=\"margin-left:50.4px;\">\n<a class=\"fusion-modal-text-link\" data-toggle=\"modal\" data-target=\".fusion-modal.Rivadavia\" href=\"#\">Rivadavia<\/a>\n<\/div><\/li><li class=\"fusion-li-item\"><span style=\"height:35.7px;width:35.7px;margin-right:14.7px;\" class=\"icon-wrapper circle-no\"><i class=\"fusion-li-icon fa-arrow-alt-circle-right far\" style=\"color:#81be84;\"><\/i><\/span><div class=\"fusion-li-item-content\" style=\"margin-left:50.4px;\">\n<a class=\"fusion-modal-text-link\" data-toggle=\"modal\" data-target=\".fusion-modal.Pocito\" href=\"#\">Pocito<\/a>\n<\/div><\/li><li class=\"fusion-li-item\"><span style=\"height:35.7px;width:35.7px;margin-right:14.7px;\" class=\"icon-wrapper circle-no\"><i class=\"fusion-li-icon fa-arrow-alt-circle-right far\" style=\"color:#81be84;\"><\/i><\/span><div class=\"fusion-li-item-content\" style=\"margin-left:50.4px;\">\n<a class=\"fusion-modal-text-link\" data-toggle=\"modal\" data-target=\".fusion-modal.Caucete\" href=\"#\">Caucete<\/a>\n<\/div><\/li><\/ul><div class=\"fusion-modal modal fade modal-1 Capital\" tabindex=\"-1\" role=\"dialog\" aria-labelledby=\"modal-heading-1\" aria-hidden=\"true\"><style type=\"text\/css\">.modal-1 .modal-header, .modal-1 .modal-footer{border-color:#ebebeb;}<\/style><div class=\"modal-dialog modal-lg\"><div class=\"modal-content fusion-modal-content\" style=\"background-color:#f6f6f6\"><div class=\"modal-header\"><button class=\"close\" type=\"button\" data-dismiss=\"modal\" aria-hidden=\"true\">&times;<\/button><h3 class=\"modal-title\" id=\"modal-heading-1\" data-dismiss=\"modal\" aria-hidden=\"true\">Capital<\/h3><\/div><div class=\"modal-body fusion-clearfix\">\n<ul>\n<li>ROBERTO ORZANCO &#8211; 0264-4200115 &#8211; AV. L. ALEM 883 (SUR)<\/li>\n<li>DOMINGO ROBERTO PUGLIESE &#8211; 0264-4202938 &#8211; BARTOLOME MITRE ESTE 842<\/li>\n<li>AGAS S.R.L. &#8211; 0264-4224261 &#8211; SALTA 1004 NORTE<\/li>\n<li>SEGAS S.R.L. -0264-4216533\/93 &#8211; GRAL ACHA 983 NORTE<\/li>\n<\/ul>\n<\/div><\/div><\/div><\/div><div class=\"fusion-modal modal fade modal-2 Rawson\" tabindex=\"-1\" role=\"dialog\" aria-labelledby=\"modal-heading-2\" aria-hidden=\"true\"><style type=\"text\/css\">.modal-2 .modal-header, .modal-2 .modal-footer{border-color:#ebebeb;}<\/style><div class=\"modal-dialog modal-lg\"><div class=\"modal-content fusion-modal-content\" style=\"background-color:#f6f6f6\"><div class=\"modal-header\"><button class=\"close\" type=\"button\" data-dismiss=\"modal\" aria-hidden=\"true\">&times;<\/button><h3 class=\"modal-title\" id=\"modal-heading-2\" data-dismiss=\"modal\" aria-hidden=\"true\">Rawson<\/h3><\/div><div class=\"modal-body fusion-clearfix\">\n<ul>\n<li>PUNTO COM GAS VEHICULAR &#8211; 0264-4285799 &#8211; PROGRESO 52 ESTE<\/li>\n<\/ul>\n<\/div><\/div><\/div><\/div><div class=\"fusion-modal modal fade modal-3 Rivadavia\" tabindex=\"-1\" role=\"dialog\" aria-labelledby=\"modal-heading-3\" aria-hidden=\"true\"><style type=\"text\/css\">.modal-3 .modal-header, .modal-3 .modal-footer{border-color:#ebebeb;}<\/style><div class=\"modal-dialog modal-lg\"><div class=\"modal-content fusion-modal-content\" style=\"background-color:#f6f6f6\"><div class=\"modal-header\"><button class=\"close\" type=\"button\" data-dismiss=\"modal\" aria-hidden=\"true\">&times;<\/button><h3 class=\"modal-title\" id=\"modal-heading-3\" data-dismiss=\"modal\" aria-hidden=\"true\">Rivadavia<\/h3><\/div><div class=\"modal-body fusion-clearfix\">\n<ul>\n<li>GNC DEL NORTE S.A. &#8211; 0264-4232050 &#8211; CIPOLLETTI 1012 NORTE<\/li>\n<\/ul>\n<\/div><\/div><\/div><\/div><div class=\"fusion-modal modal fade modal-4 Pocito\" tabindex=\"-1\" role=\"dialog\" aria-labelledby=\"modal-heading-4\" aria-hidden=\"true\"><style type=\"text\/css\">.modal-4 .modal-header, .modal-4 .modal-footer{border-color:#ebebeb;}<\/style><div class=\"modal-dialog modal-lg\"><div class=\"modal-content fusion-modal-content\" style=\"background-color:#f6f6f6\"><div class=\"modal-header\"><button class=\"close\" type=\"button\" data-dismiss=\"modal\" aria-hidden=\"true\">&times;<\/button><h3 class=\"modal-title\" id=\"modal-heading-4\" data-dismiss=\"modal\" aria-hidden=\"true\">Pocito<\/h3><\/div><div class=\"modal-body fusion-clearfix\">\n<ul>\n<li>MO DIAGNOSTICO AUTOMOTRIZ &#8211; 0264-4288145 &#8211; AGUSTIN GOMEZ 544<\/li>\n<\/ul>\n<\/div><\/div><\/div><\/div><div class=\"fusion-modal modal fade modal-5 Caucete\" tabindex=\"-1\" role=\"dialog\" aria-labelledby=\"modal-heading-5\" aria-hidden=\"true\"><style type=\"text\/css\">.modal-5 .modal-header, .modal-5 .modal-footer{border-color:#ebebeb;}<\/style><div class=\"modal-dialog modal-lg\"><div class=\"modal-content fusion-modal-content\" style=\"background-color:#f6f6f6\"><div class=\"modal-header\"><button class=\"close\" type=\"button\" data-dismiss=\"modal\" aria-hidden=\"true\">&times;<\/button><h3 class=\"modal-title\" id=\"modal-heading-5\" data-dismiss=\"modal\" aria-hidden=\"true\">Caucete<\/h3><\/div><div class=\"modal-body fusion-clearfix\">\n<ul>\n<li>OCHOA ULISES FEDERICO &#8211; 0264-4961136 &#8211; FERMIN RODRIGUEZ 515<\/li>\n<li>AGUERO SILVINA MARISEL &#8211; 0264-496-3285 &#8211; DIAGONAL SARMIENTO 295<\/li>\n<li>PACHECO RICARDO &#8211; 0264-496-1737 &#8211; DIAGONAL SARMIENTO 325<\/li>\n<\/ul>\n<\/div><\/div><\/div><\/div><div class=\"fusion-clearfix\"><\/div><\/div><\/div><\/div><\/div><div class=\"fusion-fullwidth fullwidth-box fusion-builder-row-3 fusion-parallax-none nonhundred-percent-fullwidth non-hundred-percent-height-scrolling fusion-equal-height-columns\"  style='background-color: rgba(255,255,255,0);background-image: url(\"http:\/\/segas.ar\/wp-content\/uploads\/2020\/07\/fondosweb7.jpg\");background-image:linear-gradient(180deg, #1d8559 0%,rgba(51,51,51,0.41) 100%),url(http:\/\/segas.ar\/wp-content\/uploads\/2020\/07\/fondosweb7.jpg);background-position: center center;background-repeat: no-repeat;padding-top:60px;padding-right:0px;padding-bottom:60px;padding-left:0px;-webkit-background-size:cover;-moz-background-size:cover;-o-background-size:cover;background-size:cover;'><div class=\"fusion-builder-row fusion-row \"><div  data-animationType=fadeInLeft data-animationDuration=0.6 data-animationOffset=100% class=\"fusion-layout-column fusion_builder_column fusion_builder_column_2_3 fusion-builder-column-5 fusion-two-third fusion-column-first fusion-animated 2_3\"  style='margin-top:0px;margin-bottom:0px;width:66.66%;width:calc(66.66% - ( ( 4% ) * 0.6666 ) );margin-right: 4%;'><div class=\"fusion-column-wrapper\" style=\"padding: 0px 0px 0px 0px;background-position:left top;background-repeat:no-repeat;-webkit-background-size:cover;-moz-background-size:cover;-o-background-size:cover;background-size:cover;\"   data-bg-url=\"\"><div class=\"fusion-column-content-centered\"><div class=\"fusion-column-content\"><style type=\"text\/css\"><\/style><div class=\"fusion-title title fusion-title-4 fusion-sep-none fusion-title-text fusion-title-size-two\" style=\"margin-top:0px;margin-bottom:0px;\"><h2 class=\"title-heading-left\" style=\"margin:0;color:#ffffff;\">Empeza a ahorrar hoy<\/h2><\/div><style type=\"text\/css\"><\/style><div class=\"fusion-title title fusion-title-5 fusion-sep-none fusion-title-text fusion-title-size-three\" style=\"font-size:21px;margin-top:0px;margin-bottom:0px;\"><h3 class=\"title-heading-left\" style=\"margin:0;font-size:1em;color:#ffffff;\">Llamanos y te recomendaremos el mejor equipo para tus necesidades<\/h3><\/div><\/div><\/div><div class=\"fusion-clearfix\"><\/div><\/div><\/div><div  data-animationType=fadeInRight data-animationDuration=0.6 data-animationOffset=100% class=\"fusion-layout-column fusion_builder_column fusion_builder_column_1_3 fusion-builder-column-6 fusion-one-third fusion-column-last fusion-animated 1_3\"  style='margin-top:0px;margin-bottom:0px;width:33.33%;width:calc(33.33% - ( ( 4% ) * 0.3333 ) );'><div class=\"fusion-column-wrapper\" style=\"padding: 0px 0px 0px 0px;background-position:left top;background-repeat:no-repeat;-webkit-background-size:cover;-moz-background-size:cover;-o-background-size:cover;background-size:cover;\"   data-bg-url=\"\"><div class=\"fusion-column-content-centered\"><div class=\"fusion-column-content\"><ul class=\"fusion-checklist fusion-checklist-2\" style=\"font-size:30px;line-height:51px;\"><li class=\"fusion-li-item\"><span style=\"height:51px;width:51px;margin-right:21px;\" class=\"icon-wrapper circle-no\"><i class=\"fusion-li-icon fa-phone fas\" style=\"color:#ffffff;\"><\/i><\/span><div class=\"fusion-li-item-content\" style=\"margin-left:72px;\">\n<p><span style=\"color: #ffffff;\">0264-4216533<\/span><\/p>\n<\/div><\/li><li class=\"fusion-li-item\"><span style=\"height:51px;width:51px;margin-right:21px;\" class=\"icon-wrapper circle-no\"><i class=\"fusion-li-icon fa-phone fas\" style=\"color:#ffffff;\"><\/i><\/span><div class=\"fusion-li-item-content\" style=\"margin-left:72px;\">\n<p><span style=\"color: #ffffff;\">0264-4216593<\/span><\/p>\n<\/div><\/li><\/ul><\/div><\/div><div class=\"fusion-clearfix\"><\/div><\/div><\/div><\/div><\/div><div class=\"fusion-fullwidth fullwidth-box fusion-builder-row-4 fusion-parallax-none nonhundred-percent-fullwidth non-hundred-percent-height-scrolling fusion-equal-height-columns\"  style='background-color: rgba(255,255,255,0);background-image: url(\"https:\/\/segas.ar\/wp-content\/uploads\/2019\/02\/newsletter_background.jpg\");background-position: center top;background-repeat: no-repeat;padding-top:50px;padding-right:0px;padding-bottom:50px;padding-left:0px;-webkit-background-size:cover;-moz-background-size:cover;-o-background-size:cover;background-size:cover;'><div class=\"fusion-builder-row fusion-row \"><div  class=\"fusion-layout-column fusion_builder_column fusion_builder_column_1_1 fusion-builder-column-7 fusion-one-full fusion-column-first fusion-column-last 1_1\"  style='margin-top:0px;margin-bottom:0px;'><div class=\"fusion-column-wrapper\" style=\"padding: 0px 0px 0px 0px;background-position:left top;background-repeat:no-repeat;-webkit-background-size:cover;-moz-background-size:cover;-o-background-size:cover;background-size:cover;\"   data-bg-url=\"\"><style type=\"text\/css\"><\/style><div class=\"fusion-title title fusion-title-6 fusion-sep-none fusion-title-text fusion-title-size-three\" style=\"font-size:26px;margin-top:0px;margin-bottom:31px;\"><h3 class=\"title-heading-left\" style=\"margin:0;font-size:1em;\">Te recomendaremos el mejor equipo para tus necesidades<\/h3><\/div><div role=\"form\" class=\"wpcf7\" id=\"wpcf7-f1123-o1\" lang=\"es-AR\" dir=\"ltr\">\n<div class=\"screen-reader-response\" aria-live=\"polite\"><\/div>\n<form action=\"\/index.php?rest_route=%2Fwp%2Fv2%2Fpages%2F20#wpcf7-f1123-o1\" method=\"post\" class=\"wpcf7-form\" novalidate=\"novalidate\">\n<div style=\"display: none;\">\n<input type=\"hidden\" name=\"_wpcf7\" value=\"1123\" \/>\n<input type=\"hidden\" name=\"_wpcf7_version\" value=\"5.1.9\" \/>\n<input type=\"hidden\" name=\"_wpcf7_locale\" value=\"es_AR\" \/>\n<input type=\"hidden\" name=\"_wpcf7_unit_tag\" value=\"wpcf7-f1123-o1\" \/>\n<input type=\"hidden\" name=\"_wpcf7_container_post\" value=\"0\" \/>\n<\/div>\n<p><label> Nombre<br \/>\n    <span class=\"wpcf7-form-control-wrap your-name\"><input type=\"text\" name=\"your-name\" value=\"\" size=\"40\" class=\"wpcf7-form-control wpcf7-text wpcf7-validates-as-required\" aria-required=\"true\" aria-invalid=\"false\" \/><\/span> <\/label><\/p>\n<p><label> Marca del veh\u00edculo<br \/>\n<span class=\"wpcf7-form-control-wrap Marca\"><input type=\"text\" name=\"Marca\" value=\"\" size=\"40\" class=\"wpcf7-form-control wpcf7-text wpcf7-validates-as-required Marca\" id=\"Marca\" aria-required=\"true\" aria-invalid=\"false\" \/><\/span><br \/>\n<\/label><br \/>\n<label> Modelo del veh\u00edculo<br \/>\n<span class=\"wpcf7-form-control-wrap Modelo\"><input type=\"text\" name=\"Modelo\" value=\"\" size=\"40\" class=\"wpcf7-form-control wpcf7-text wpcf7-validates-as-required Modelo\" id=\"Modelo\" aria-required=\"true\" aria-invalid=\"false\" \/><\/span><br \/>\n<\/label><br \/>\n<label> A\u00f1o<br \/>\n<span class=\"wpcf7-form-control-wrap Ao\"><input type=\"number\" name=\"Ao\" value=\"\" class=\"wpcf7-form-control wpcf7-number wpcf7-validates-as-required wpcf7-validates-as-number Ao\" id=\"Ao\" aria-required=\"true\" aria-invalid=\"false\" \/><\/span><br \/>\n<\/label><\/p>\n<p><label> Uso del veh\u00edculo<br \/>\n<span class=\"wpcf7-form-control-wrap Uso\"><span class=\"wpcf7-form-control wpcf7-checkbox wpcf7-validates-as-required Uso\" id=\"Uso\"><span class=\"wpcf7-list-item first\"><input type=\"checkbox\" name=\"Uso[]\" value=\"Particular\" \/><span class=\"wpcf7-list-item-label\">Particular<\/span><\/span><span class=\"wpcf7-list-item\"><input type=\"checkbox\" name=\"Uso[]\" value=\"Distribuci\u00f3n\" \/><span class=\"wpcf7-list-item-label\">Distribuci\u00f3n<\/span><\/span><span class=\"wpcf7-list-item\"><input type=\"checkbox\" name=\"Uso[]\" value=\"Viajes\" \/><span class=\"wpcf7-list-item-label\">Viajes<\/span><\/span><span class=\"wpcf7-list-item\"><input type=\"checkbox\" name=\"Uso[]\" value=\"Fletes\" \/><span class=\"wpcf7-list-item-label\">Fletes<\/span><\/span><span class=\"wpcf7-list-item last\"><input type=\"checkbox\" name=\"Uso[]\" value=\"Otro\" \/><span class=\"wpcf7-list-item-label\">Otro<\/span><\/span><\/span><\/span><br \/>\n<\/label><br \/>\n<label> Descripci\u00f3n del uso<br \/>\n<span class=\"wpcf7-form-control-wrap Usodelvehiculo\"><input type=\"text\" name=\"Usodelvehiculo\" value=\"\" size=\"40\" class=\"wpcf7-form-control wpcf7-text\" id=\"Usodelvehiculo\" aria-invalid=\"false\" \/><\/span><br \/>\n<\/label><br \/>\n<label> Correo electr\u00f3nico<br \/>\n    <span class=\"wpcf7-form-control-wrap your-email\"><input type=\"email\" name=\"your-email\" value=\"\" size=\"40\" class=\"wpcf7-form-control wpcf7-text wpcf7-email wpcf7-validates-as-required wpcf7-validates-as-email\" aria-required=\"true\" aria-invalid=\"false\" \/><\/span> <\/label><\/p>\n<p><label> Tel\u00e9fono<br \/>\n<span class=\"wpcf7-form-control-wrap Telfono\"><input type=\"tel\" name=\"Telfono\" value=\"\" size=\"40\" class=\"wpcf7-form-control wpcf7-text wpcf7-tel wpcf7-validates-as-required wpcf7-validates-as-tel Telfono\" id=\"Telfono\" aria-required=\"true\" aria-invalid=\"false\" \/><\/span> <\/label><\/p>\n<p><input type=\"submit\" value=\"Enviar\" class=\"wpcf7-form-control wpcf7-submit\" \/><\/p>\n<div class=\"fusion-alert alert custom alert-custom fusion-alert-center wpcf7-response-output wpcf7-display-none alert-dismissable\" style=\"border-width:0px;\"><button type=\"button\" class=\"close toggle-alert\" data-dismiss=\"alert\" aria-hidden=\"true\">&times;<\/button><div class=\"fusion-alert-content-wrapper\"><span class=\"fusion-alert-content\"><\/span><\/div><\/div><\/form><\/div><div class=\"fusion-clearfix\"><\/div><\/div><\/div><\/div><\/div><\/p>\n","protected":false},"excerpt":{"rendered":"","protected":false},"author":1,"featured_media":0,"parent":0,"menu_order":0,"comment_status":"closed","ping_status":"closed","template":"100-width.php","meta":{"footnotes":""},"_links":{"self":[{"href":"https:\/\/segas.ar\/index.php?rest_route=\/wp\/v2\/pages\/20"}],"collection":[{"href":"https:\/\/segas.ar\/index.php?rest_route=\/wp\/v2\/pages"}],"about":[{"href":"https:\/\/segas.ar\/index.php?rest_route=\/wp\/v2\/types\/page"}],"author":[{"embeddable":true,"href":"https:\/\/segas.ar\/index.php?rest_route=\/wp\/v2\/users\/1"}],"replies":[{"embeddable":true,"href":"https:\/\/segas.ar\/index.php?rest_route=%2Fwp%2Fv2%2Fcomments&post=20"}],"version-history":[{"count":31,"href":"https:\/\/segas.ar\/index.php?rest_route=\/wp\/v2\/pages\/20\/revisions"}],"predecessor-version":[{"id":1310,"href":"https:\/\/segas.ar\/index.php?rest_route=\/wp\/v2\/pages\/20\/revisions\/1310"}],"wp:attachment":[{"href":"https:\/\/segas.ar\/index.php?rest_route=%2Fwp%2Fv2%2Fmedia&parent=20"}],"curies":[{"name":"wp","href":"https:\/\/api.w.org\/{rel}","templated":true}]}}