{"id":963,"date":"2019-01-29T07:57:53","date_gmt":"2019-01-29T07:57:53","guid":{"rendered":"http:\/\/segas.ar\/?page_id=12"},"modified":"2020-08-06T17:53:13","modified_gmt":"2020-08-06T20:53:13","slug":"quienes-somos","status":"publish","type":"page","link":"https:\/\/segas.ar\/?page_id=963","title":{"rendered":"Quienes somos"},"content":{"rendered":"<p><div class=\"fusion-fullwidth fullwidth-box fusion-builder-row-1 fusion-parallax-none nonhundred-percent-fullwidth non-hundred-percent-height-scrolling\"  style='background-color: rgba(255,255,255,0);background-image: url(\"http:\/\/segas.ar\/wp-content\/uploads\/2020\/06\/fondosweb5.jpg\");background-position: right bottom;background-repeat: no-repeat;padding-top:190px;padding-right:0px;padding-bottom:0px;padding-left:0px;-webkit-background-size:cover;-moz-background-size:cover;-o-background-size:cover;background-size:cover;'><div class=\"fusion-builder-row fusion-row \"><div  class=\"fusion-layout-column fusion_builder_column fusion_builder_column_1_1 fusion-builder-column-0 fusion-one-full fusion-column-first fusion-column-last 1_1\"  style='margin-top:0px;margin-bottom:0px;'><div class=\"fusion-column-wrapper\" style=\"padding: 0px 0px 0px 0px;background-position:left top;background-repeat:no-repeat;-webkit-background-size:cover;-moz-background-size:cover;-o-background-size:cover;background-size:cover;\"   data-bg-url=\"\"><div class=\"fusion-sep-clear\"><\/div><div class=\"fusion-separator fusion-no-large-visibility fusion-full-width-sep sep-none\" style=\"margin-left: auto;margin-right: auto;margin-top:30px;\"><\/div><style type=\"text\/css\"><\/style><div class=\"fusion-title title fusion-title-1 fusion-sep-none fusion-title-text fusion-title-size-one\" style=\"margin-top:0px;margin-bottom:31px;\"><h1 class=\"title-heading-left\" style=\"margin:0;color:#ffffff;\">Quienes somos<\/h1><\/div><div class=\"fusion-clearfix\"><\/div><\/div><\/div><\/div><\/div><div class=\"fusion-fullwidth fullwidth-box fusion-builder-row-2 nonhundred-percent-fullwidth non-hundred-percent-height-scrolling\"  style='background-color: rgba(255,255,255,0);background-position: center center;background-repeat: no-repeat;padding-top:80px;padding-right:0px;padding-bottom:80px;padding-left:0px;'><div class=\"fusion-builder-row fusion-row \"><div  data-animationType=fadeInLeft data-animationDuration=0.6 data-animationOffset=100% class=\"fusion-layout-column fusion_builder_column fusion_builder_column_1_2 fusion-builder-column-1 fusion-one-half fusion-column-first fusion-animated 1_2\"  style='margin-top:0px;margin-bottom:0px;width:50%;width:calc(50% - ( ( 4% ) * 0.5 ) );margin-right: 4%;'><div class=\"fusion-column-wrapper\" style=\"padding: 0px 0px 0px 0px;background-position:left top;background-repeat:no-repeat;-webkit-background-size:cover;-moz-background-size:cover;-o-background-size:cover;background-size:cover;\"   data-bg-url=\"\"><style type=\"text\/css\"><\/style><div class=\"fusion-title title fusion-title-2 fusion-sep-none fusion-title-text fusion-title-size-two\" style=\"font-size:28px;margin-top:0px;margin-bottom:31px;\"><h2 class=\"title-heading-left\" style=\"margin:0;font-size:1em;\">PEC &#8211; Productor de equipo completo<\/h2><\/div><div class=\"fusion-text\"><p style=\"font-size: 21px;\">Nuestros profesionales en conjunto con Enargas trabajamos con una red de talleres que cumplen con un est\u00e1ndar de calidad optimo para tu seguridad.<\/p>\n<\/div><div class=\"fusion-button-wrapper\"><style type=\"text\/css\">.fusion-button.button-1 {border-radius:25px;}.fusion-button.button-1.button-3d{-webkit-box-shadow: inset 0px 1px 0px #fff,0px 2px 0px #54770f,1px 4px 4px 2px rgba(0,0,0,0.3);-moz-box-shadow: inset 0px 1px 0px #fff,0px 2px 0px #54770f,1px 4px 4px 2px rgba(0,0,0,0.3);box-shadow: inset 0px 1px 0px #fff,0px 2px 0px #54770f,1px 4px 4px 2px rgba(0,0,0,0.3);}.button-1.button-3d:active{-webkit-box-shadow: inset 0px 1px 0px #fff,0px 2px 0px #54770f,1px 4px 4px 2px rgba(0,0,0,0.3);-moz-box-shadow: inset 0px 1px 0px #fff,0px 2px 0px #54770f,1px 4px 4px 2px rgba(0,0,0,0.3);box-shadow: inset 0px 1px 0px #fff,0px 2px 0px #54770f,1px 4px 4px 2px rgba(0,0,0,0.3);}<\/style><a class=\"fusion-button button-3d button-small button-default button-1 fusion-button-default-span \" target=\"_self\" href=\"http:\/\/segas.ar\/?page_id=20\"><i class=\"fa-tools fas button-icon-left\"><\/i><span class=\"fusion-button-text\">TALLERES DISPONIBLES<\/span><\/a><\/div><style type=\"text\/css\">@media only screen and (max-width:1051px) {.fusion-title.fusion-title-3{margin-top:20px!important;margin-bottom:20px!important;}}<\/style><div class=\"fusion-title title fusion-title-3 fusion-sep-none fusion-title-text fusion-title-size-two\" style=\"font-size:28px;margin-top:20px;margin-bottom:31px;\"><h2 class=\"title-heading-left\" style=\"margin:0;font-size:1em;\">CRPC &#8211; Centro de reprueba de cilindro<\/h2><\/div><div class=\"fusion-text\"><p style=\"font-size: 21px;\">Contamos con experiencia , capacidad y calidad profesional de punta en nuestro centro de repruebas, testeando el cilindro ante variadas condiciones.<\/p>\n<\/div><div class=\"fusion-sep-clear\"><\/div><div class=\"fusion-separator fusion-no-large-visibility fusion-full-width-sep sep-none\" style=\"margin-left: auto;margin-right: auto;margin-top:40px;margin-bottom:20px;\"><\/div><div class=\"fusion-clearfix\"><\/div><\/div><\/div><div  data-animationType=fadeInUp data-animationDuration=0.6 data-animationOffset=100% class=\"fusion-layout-column fusion_builder_column fusion_builder_column_1_2 fusion-builder-column-2 fusion-one-half fusion-column-last fusion-animated 1_2\"  style='margin-top:-170px;margin-bottom:0px;width:50%;width:calc(50% - ( ( 4% ) * 0.5 ) );'><div class=\"fusion-column-wrapper\" style=\"padding: 40px 40px 40px 40px;background-position:left top;background-repeat:no-repeat;-webkit-background-size:cover;-moz-background-size:cover;-o-background-size:cover;background-size:cover;\"   data-bg-url=\"\"><span class=\"fusion-imageframe imageframe-none imageframe-1 hover-type-none fusion-no-small-visibility fusion-no-medium-visibility\"><img loading=\"lazy\" decoding=\"async\" src=\"http:\/\/segas.ar\/wp-content\/uploads\/2019\/01\/about-missionstatement-collage.jpg\" width=\"739\" height=\"866\" alt=\"\" title=\"about-missionstatement-collage\" class=\"img-responsive wp-image-303\"\/><\/span><div class=\"fusion-clearfix\"><\/div><\/div><\/div><\/div><\/div><div class=\"fusion-fullwidth fullwidth-box fusion-builder-row-3 fusion-parallax-none nonhundred-percent-fullwidth non-hundred-percent-height-scrolling fusion-equal-height-columns\"  style='background-color: rgba(255,255,255,0);background-image: url(\"https:\/\/segas.ar\/wp-content\/uploads\/2020\/07\/fondosweb7.jpg\");background-image:linear-gradient(180deg, #1d8559 0%,rgba(51,51,51,0.41) 100%),url(https:\/\/segas.ar\/wp-content\/uploads\/2020\/07\/fondosweb7.jpg);background-position: center center;background-repeat: no-repeat;padding-top:60px;padding-right:0px;padding-bottom:60px;padding-left:0px;-webkit-background-size:cover;-moz-background-size:cover;-o-background-size:cover;background-size:cover;'><div class=\"fusion-builder-row fusion-row \"><div  data-animationType=fadeInLeft data-animationDuration=0.6 data-animationOffset=100% class=\"fusion-layout-column fusion_builder_column fusion_builder_column_2_3 fusion-builder-column-3 fusion-two-third fusion-column-first fusion-animated 2_3\"  style='margin-top:0px;margin-bottom:0px;width:66.66%;width:calc(66.66% - ( ( 4% ) * 0.6666 ) );margin-right: 4%;'><div class=\"fusion-column-wrapper\" style=\"padding: 0px 0px 0px 0px;background-position:left top;background-repeat:no-repeat;-webkit-background-size:cover;-moz-background-size:cover;-o-background-size:cover;background-size:cover;\"   data-bg-url=\"\"><div class=\"fusion-column-content-centered\"><div class=\"fusion-column-content\"><style type=\"text\/css\"><\/style><div class=\"fusion-title title fusion-title-4 fusion-sep-none fusion-title-text fusion-title-size-two\" style=\"margin-top:0px;margin-bottom:0px;\"><h2 class=\"title-heading-left\" style=\"margin:0;color:#ffffff;\">Empeza a ahorrar hoy<\/h2><\/div><style type=\"text\/css\"><\/style><div class=\"fusion-title title fusion-title-5 fusion-sep-none fusion-title-text fusion-title-size-three\" style=\"font-size:21px;margin-top:0px;margin-bottom:0px;\"><h3 class=\"title-heading-left\" style=\"margin:0;font-size:1em;color:#ffffff;\">Llamanos y te recomendaremos el mejor equipo para tus necesidades<\/h3><\/div><\/div><\/div><div class=\"fusion-clearfix\"><\/div><\/div><\/div><div  data-animationType=fadeInRight data-animationDuration=0.6 data-animationOffset=100% class=\"fusion-layout-column fusion_builder_column fusion_builder_column_1_3 fusion-builder-column-4 fusion-one-third fusion-column-last fusion-animated 1_3\"  style='margin-top:0px;margin-bottom:0px;width:33.33%;width:calc(33.33% - ( ( 4% ) * 0.3333 ) );'><div class=\"fusion-column-wrapper\" style=\"padding: 0px 0px 0px 0px;background-position:left top;background-repeat:no-repeat;-webkit-background-size:cover;-moz-background-size:cover;-o-background-size:cover;background-size:cover;\"   data-bg-url=\"\"><div class=\"fusion-column-content-centered\"><div class=\"fusion-column-content\"><ul class=\"fusion-checklist fusion-checklist-1\" style=\"font-size:30px;line-height:51px;\"><li class=\"fusion-li-item\"><span style=\"height:51px;width:51px;margin-right:21px;\" class=\"icon-wrapper circle-no\"><i class=\"fusion-li-icon fa-phone fas\" style=\"color:#ffffff;\"><\/i><\/span><div class=\"fusion-li-item-content\" style=\"margin-left:72px;\">\n<p><span style=\"color: #ffffff;\">0264-4216533<\/span><\/p>\n<\/div><\/li><li class=\"fusion-li-item\"><span style=\"height:51px;width:51px;margin-right:21px;\" class=\"icon-wrapper circle-no\"><i class=\"fusion-li-icon fa-phone fas\" style=\"color:#ffffff;\"><\/i><\/span><div class=\"fusion-li-item-content\" style=\"margin-left:72px;\">\n<p><span style=\"color: #ffffff;\">0264-4216593<\/span><\/p>\n<\/div><\/li><\/ul><\/div><\/div><div class=\"fusion-clearfix\"><\/div><\/div><\/div><\/div><\/div><div class=\"fusion-fullwidth fullwidth-box fusion-builder-row-4 fusion-parallax-none nonhundred-percent-fullwidth non-hundred-percent-height-scrolling\"  style='background-color: rgba(255,255,255,0);background-image: url(\"http:\/\/segas.ar\/wp-content\/uploads\/2019\/01\/testimonial-background.jpg\");background-position: center center;background-repeat: no-repeat;padding-top:80px;padding-right:0px;padding-bottom:80px;padding-left:0px;-webkit-background-size:cover;-moz-background-size:cover;-o-background-size:cover;background-size:cover;'><div class=\"fusion-builder-row fusion-row \"><div  class=\"fusion-layout-column fusion_builder_column fusion_builder_column_1_6 fusion-builder-column-5 fusion-one-sixth fusion-column-first fusion-no-small-visibility 1_6\"  style='margin-top:0px;margin-bottom:0px;width:16.66%;width:calc(16.66% - ( ( 4% + 4% ) * 0.1666 ) );margin-right: 4%;'><div class=\"fusion-column-wrapper\" style=\"padding: 0px 0px 0px 0px;background-position:left top;background-repeat:no-repeat;-webkit-background-size:cover;-moz-background-size:cover;-o-background-size:cover;background-size:cover;\"   data-bg-url=\"\"><div class=\"fusion-clearfix\"><\/div><\/div><\/div><div  class=\"fusion-layout-column fusion_builder_column fusion_builder_column_2_3 fusion-builder-column-6 fusion-two-third 2_3\"  style='margin-top:0px;margin-bottom:0px;width:66.66%;width:calc(66.66% - ( ( 4% + 4% ) * 0.6666 ) );margin-right: 4%;'><div class=\"fusion-column-wrapper\" style=\"padding: 0px 0px 0px 0px;background-position:left top;background-repeat:no-repeat;-webkit-background-size:cover;-moz-background-size:cover;-o-background-size:cover;background-size:cover;\"   data-bg-url=\"\"><style type=\"text\/css\"><\/style><div class=\"fusion-title title fusion-title-6 fusion-sep-none fusion-title-center fusion-title-text fusion-title-size-two\" style=\"margin-top:0px;margin-bottom:0px;\"><h2 class=\"title-heading-center\" style=\"margin:0;\">Testimonios<\/h2><\/div><div class=\"fusion-text\"><p style=\"text-align: center; font-size: 21px;\">Opiniones de nuestros clientes<\/p>\n<\/div><div class=\"fusion-sep-clear\"><\/div><div class=\"fusion-separator fusion-full-width-sep sep-none\" style=\"margin-left: auto;margin-right: auto;margin-top:15px;margin-bottom:15px;\"><\/div><div class=\"fusion-testimonials clean fusion-testimonials-1\" data-random=\"0\" data-speed=\"4000\"><style type=\"text\/css\">#fusion-testimonials-1 a{border-color:#929aa3;}#fusion-testimonials-1 a:hover, #fusion-testimonials-1 .activeSlide{background-color: #929aa3;}.fusion-testimonials.clean.fusion-testimonials-1 .author:after{border-top-color:rgba(246,246,246,0) !important;}<\/style><div class=\"reviews\"><div class=\"review avatar-image\"><div class=\"testimonial-thumbnail\"><img loading=\"lazy\" decoding=\"async\" class=\"testimonial-image\" src=\"http:\/\/segas.ar\/wp-content\/uploads\/2019\/01\/testimonial-sophia.png\" width=\"350\" height=\"367\" \/><\/div><blockquote style=\"margin: -25px;\"><q style=\"background-color:rgba(246,246,246,0);color:#929aa3;\" class=\"fusion-clearfix\">\n<p style=\"text-align: center;\">Saque mi 0 km y en segas me recomendaron un equipo de quinta generaci\u00f3n, estoy disfrutando mi auto como quiero<\/p>\n<\/q><\/blockquote><div class=\"author\" style=\"color:#929aa3;\"><span class=\"company-name\"><strong>Carla Pintor<\/strong><\/span><\/div><\/div><div class=\"review avatar-image\"><div class=\"testimonial-thumbnail\"><img loading=\"lazy\" decoding=\"async\" class=\"testimonial-image\" src=\"http:\/\/segas.ar\/wp-content\/uploads\/2019\/01\/testimonial-harold.png\" width=\"350\" height=\"367\" \/><\/div><blockquote style=\"margin: -25px;\"><q style=\"background-color:rgba(246,246,246,0);color:#929aa3;\" class=\"fusion-clearfix\">\n<p style=\"text-align: center;\">Todos los veh\u00edculos de mi remisera trabajan con GNC de ultima generaci\u00f3n, Segas me ayudo a viabilizar mi negocio cuidando de los veh\u00edculos<\/p>\n<\/q><\/blockquote><div class=\"author\" style=\"color:#929aa3;\"><span class=\"company-name\"><strong>Martin Rodriguez<\/strong><\/span><\/div><\/div><div class=\"review avatar-image\"><div class=\"testimonial-thumbnail\"><img loading=\"lazy\" decoding=\"async\" class=\"testimonial-image\" src=\"http:\/\/segas.ar\/wp-content\/uploads\/2019\/01\/testimonial-grant.png\" width=\"350\" height=\"367\" \/><\/div><blockquote style=\"margin: -25px;\"><q style=\"background-color:rgba(246,246,246,0);color:#929aa3;\" class=\"fusion-clearfix\">\n<p style=\"text-align: center;\">Soy vendedor y viajo por todo el pa\u00eds en mi camioneta, Segas me permiti\u00f3 reducir mis costos y preservar el estado de mi veh\u00edculo<\/p>\n<\/q><\/blockquote><div class=\"author\" style=\"color:#929aa3;\"><span class=\"company-name\"><strong>Bruno Adarvez<\/strong><\/span><\/div><\/div><\/div><div class=\"testimonial-pagination\" id=\"fusion-testimonials-1\"><\/div><\/div><div class=\"fusion-clearfix\"><\/div><\/div><\/div><div  class=\"fusion-layout-column fusion_builder_column fusion_builder_column_1_6 fusion-builder-column-7 fusion-one-sixth fusion-column-last fusion-no-small-visibility 1_6\"  style='margin-top:0px;margin-bottom:0px;width:16.66%;width:calc(16.66% - ( ( 4% + 4% ) * 0.1666 ) );'><div class=\"fusion-column-wrapper\" style=\"padding: 0px 0px 0px 0px;background-position:left top;background-repeat:no-repeat;-webkit-background-size:cover;-moz-background-size:cover;-o-background-size:cover;background-size:cover;\"   data-bg-url=\"\"><div class=\"fusion-clearfix\"><\/div><\/div><\/div><\/div><\/div><\/p>\n","protected":false},"excerpt":{"rendered":"","protected":false},"author":1,"featured_media":0,"parent":0,"menu_order":0,"comment_status":"closed","ping_status":"closed","template":"100-width.php","meta":{"footnotes":""},"_links":{"self":[{"href":"https:\/\/segas.ar\/index.php?rest_route=\/wp\/v2\/pages\/963"}],"collection":[{"href":"https:\/\/segas.ar\/index.php?rest_route=\/wp\/v2\/pages"}],"about":[{"href":"https:\/\/segas.ar\/index.php?rest_route=\/wp\/v2\/types\/page"}],"author":[{"embeddable":true,"href":"https:\/\/segas.ar\/index.php?rest_route=\/wp\/v2\/users\/1"}],"replies":[{"embeddable":true,"href":"https:\/\/segas.ar\/index.php?rest_route=%2Fwp%2Fv2%2Fcomments&post=963"}],"version-history":[{"count":13,"href":"https:\/\/segas.ar\/index.php?rest_route=\/wp\/v2\/pages\/963\/revisions"}],"predecessor-version":[{"id":1287,"href":"https:\/\/segas.ar\/index.php?rest_route=\/wp\/v2\/pages\/963\/revisions\/1287"}],"wp:attachment":[{"href":"https:\/\/segas.ar\/index.php?rest_route=%2Fwp%2Fv2%2Fmedia&parent=963"}],"curies":[{"name":"wp","href":"https:\/\/api.w.org\/{rel}","templated":true}]}}